{"id":18,"date":"2022-05-31T10:59:12","date_gmt":"2022-05-31T13:59:12","guid":{"rendered":"https:\/\/127.0.0.1\/bigolin\/?page_id=18"},"modified":"2023-04-25T20:03:31","modified_gmt":"2023-04-25T23:03:31","slug":"marcas","status":"publish","type":"page","link":"https:\/\/bdl.com.br\/chapeco\/marcas\/","title":{"rendered":"Marcas"},"content":{"rendered":"","protected":false},"excerpt":{"rendered":"","protected":false},"author":1,"featured_media":0,"parent":0,"menu_order":0,"comment_status":"closed","ping_status":"closed","template":"marcas.php","meta":{"inline_featured_image":false,"footnotes":""},"class_list":["post-18","page","type-page","status-publish","hentry"],"yoast_head":"<!-- This site is optimized with the Yoast SEO plugin v27.3 - https:\/\/yoast.com\/product\/yoast-seo-wordpress\/ -->\n<title>Marcas - BDL Chapec\u00f3<\/title>\n<meta name=\"description\" content=\"Conhe\u00e7a as marcas que confiam no nosso trabalho de mais de tr\u00eas d\u00e9cadas distribuindo em todos os canais de comercializa\u00e7\u00e3o.\" \/>\n<meta name=\"robots\" content=\"noindex, follow, max-snippet:-1, max-image-preview:large, max-video-preview:-1\" \/>\n<meta property=\"og:locale\" content=\"pt_BR\" \/>\n<meta property=\"og:type\" content=\"article\" \/>\n<meta property=\"og:title\" content=\"Marcas - BDL Chapec\u00f3\" \/>\n<meta property=\"og:description\" content=\"Conhe\u00e7a as marcas que confiam no nosso trabalho de mais de tr\u00eas d\u00e9cadas distribuindo em todos os canais de comercializa\u00e7\u00e3o.\" \/>\n<meta property=\"og:url\" content=\"https:\/\/bdl.com.br\/chapeco\/marcas\/\" \/>\n<meta property=\"og:site_name\" content=\"BDL Chapec\u00f3\" \/>\n<meta property=\"article:publisher\" content=\"https:\/\/www.facebook.com\/pages\/BigolinDistribuidoraDeAlimentos\/775805569098168\" \/>\n<meta property=\"article:modified_time\" content=\"2023-04-25T23:03:31+00:00\" \/>\n<meta name=\"twitter:card\" content=\"summary_large_image\" \/>\n<script type=\"application\/ld+json\" class=\"yoast-schema-graph\">{\"@context\":\"https:\\\/\\\/schema.org\",\"@graph\":[{\"@type\":\"WebPage\",\"@id\":\"https:\\\/\\\/bdl.com.br\\\/chapeco\\\/marcas\\\/\",\"url\":\"https:\\\/\\\/bdl.com.br\\\/chapeco\\\/marcas\\\/\",\"name\":\"Marcas - BDL Chapec\u00f3\",\"isPartOf\":{\"@id\":\"https:\\\/\\\/bdl.com.br\\\/chapeco\\\/#website\"},\"datePublished\":\"2022-05-31T13:59:12+00:00\",\"dateModified\":\"2023-04-25T23:03:31+00:00\",\"description\":\"Conhe\u00e7a as marcas que confiam no nosso trabalho de mais de tr\u00eas d\u00e9cadas distribuindo em todos os canais de comercializa\u00e7\u00e3o.\",\"breadcrumb\":{\"@id\":\"https:\\\/\\\/bdl.com.br\\\/chapeco\\\/marcas\\\/#breadcrumb\"},\"inLanguage\":\"pt-BR\",\"potentialAction\":[{\"@type\":\"ReadAction\",\"target\":[\"https:\\\/\\\/bdl.com.br\\\/chapeco\\\/marcas\\\/\"]}]},{\"@type\":\"BreadcrumbList\",\"@id\":\"https:\\\/\\\/bdl.com.br\\\/chapeco\\\/marcas\\\/#breadcrumb\",\"itemListElement\":[{\"@type\":\"ListItem\",\"position\":1,\"name\":\"In\u00edcio\",\"item\":\"https:\\\/\\\/bdl.com.br\\\/chapeco\\\/\"},{\"@type\":\"ListItem\",\"position\":2,\"name\":\"Marcas\"}]},{\"@type\":\"WebSite\",\"@id\":\"https:\\\/\\\/bdl.com.br\\\/chapeco\\\/#website\",\"url\":\"https:\\\/\\\/bdl.com.br\\\/chapeco\\\/\",\"name\":\"Bigolin Distribuidora\\\/BDL Oeste SC\",\"description\":\"Distribui\u00e7\u00e3o, Log\u00edstica e Merchandising\",\"publisher\":{\"@id\":\"https:\\\/\\\/bdl.com.br\\\/chapeco\\\/#organization\"},\"potentialAction\":[{\"@type\":\"SearchAction\",\"target\":{\"@type\":\"EntryPoint\",\"urlTemplate\":\"https:\\\/\\\/bdl.com.br\\\/chapeco\\\/?s={search_term_string}\"},\"query-input\":{\"@type\":\"PropertyValueSpecification\",\"valueRequired\":true,\"valueName\":\"search_term_string\"}}],\"inLanguage\":\"pt-BR\"},{\"@type\":\"Organization\",\"@id\":\"https:\\\/\\\/bdl.com.br\\\/chapeco\\\/#organization\",\"name\":\"Bigolin Distribuidora\\\/BDL Oeste SC\",\"url\":\"https:\\\/\\\/bdl.com.br\\\/chapeco\\\/\",\"logo\":{\"@type\":\"ImageObject\",\"inLanguage\":\"pt-BR\",\"@id\":\"https:\\\/\\\/bdl.com.br\\\/chapeco\\\/#\\\/schema\\\/logo\\\/image\\\/\",\"url\":\"https:\\\/\\\/bdl-chapeco-24.local\\\/wp-content\\\/uploads\\\/2022\\\/08\\\/cropped-favicon.png\",\"contentUrl\":\"https:\\\/\\\/bdl-chapeco-24.local\\\/wp-content\\\/uploads\\\/2022\\\/08\\\/cropped-favicon.png\",\"width\":512,\"height\":512,\"caption\":\"Bigolin Distribuidora\\\/BDL Oeste SC\"},\"image\":{\"@id\":\"https:\\\/\\\/bdl.com.br\\\/chapeco\\\/#\\\/schema\\\/logo\\\/image\\\/\"},\"sameAs\":[\"https:\\\/\\\/www.facebook.com\\\/pages\\\/BigolinDistribuidoraDeAlimentos\\\/775805569098168\",\"https:\\\/\\\/www.instagram.com\\\/bigolindistribuidora\\\/\",\"https:\\\/\\\/www.linkedin.com\\\/company\\\/bigolin-distribuidora-de-alimentos\\\/\"]}]}<\/script>\n<!-- \/ Yoast SEO plugin. -->","yoast_head_json":{"title":"Marcas - BDL Chapec\u00f3","description":"Conhe\u00e7a as marcas que confiam no nosso trabalho de mais de tr\u00eas d\u00e9cadas distribuindo em todos os canais de comercializa\u00e7\u00e3o.","robots":{"index":"noindex","follow":"follow","max-snippet":"max-snippet:-1","max-image-preview":"max-image-preview:large","max-video-preview":"max-video-preview:-1"},"og_locale":"pt_BR","og_type":"article","og_title":"Marcas - BDL Chapec\u00f3","og_description":"Conhe\u00e7a as marcas que confiam no nosso trabalho de mais de tr\u00eas d\u00e9cadas distribuindo em todos os canais de comercializa\u00e7\u00e3o.","og_url":"https:\/\/bdl.com.br\/chapeco\/marcas\/","og_site_name":"BDL Chapec\u00f3","article_publisher":"https:\/\/www.facebook.com\/pages\/BigolinDistribuidoraDeAlimentos\/775805569098168","article_modified_time":"2023-04-25T23:03:31+00:00","twitter_card":"summary_large_image","schema":{"@context":"https:\/\/schema.org","@graph":[{"@type":"WebPage","@id":"https:\/\/bdl.com.br\/chapeco\/marcas\/","url":"https:\/\/bdl.com.br\/chapeco\/marcas\/","name":"Marcas - BDL Chapec\u00f3","isPartOf":{"@id":"https:\/\/bdl.com.br\/chapeco\/#website"},"datePublished":"2022-05-31T13:59:12+00:00","dateModified":"2023-04-25T23:03:31+00:00","description":"Conhe\u00e7a as marcas que confiam no nosso trabalho de mais de tr\u00eas d\u00e9cadas distribuindo em todos os canais de comercializa\u00e7\u00e3o.","breadcrumb":{"@id":"https:\/\/bdl.com.br\/chapeco\/marcas\/#breadcrumb"},"inLanguage":"pt-BR","potentialAction":[{"@type":"ReadAction","target":["https:\/\/bdl.com.br\/chapeco\/marcas\/"]}]},{"@type":"BreadcrumbList","@id":"https:\/\/bdl.com.br\/chapeco\/marcas\/#breadcrumb","itemListElement":[{"@type":"ListItem","position":1,"name":"In\u00edcio","item":"https:\/\/bdl.com.br\/chapeco\/"},{"@type":"ListItem","position":2,"name":"Marcas"}]},{"@type":"WebSite","@id":"https:\/\/bdl.com.br\/chapeco\/#website","url":"https:\/\/bdl.com.br\/chapeco\/","name":"Bigolin Distribuidora\/BDL Oeste SC","description":"Distribui\u00e7\u00e3o, Log\u00edstica e Merchandising","publisher":{"@id":"https:\/\/bdl.com.br\/chapeco\/#organization"},"potentialAction":[{"@type":"SearchAction","target":{"@type":"EntryPoint","urlTemplate":"https:\/\/bdl.com.br\/chapeco\/?s={search_term_string}"},"query-input":{"@type":"PropertyValueSpecification","valueRequired":true,"valueName":"search_term_string"}}],"inLanguage":"pt-BR"},{"@type":"Organization","@id":"https:\/\/bdl.com.br\/chapeco\/#organization","name":"Bigolin Distribuidora\/BDL Oeste SC","url":"https:\/\/bdl.com.br\/chapeco\/","logo":{"@type":"ImageObject","inLanguage":"pt-BR","@id":"https:\/\/bdl.com.br\/chapeco\/#\/schema\/logo\/image\/","url":"https:\/\/bdl-chapeco-24.local\/wp-content\/uploads\/2022\/08\/cropped-favicon.png","contentUrl":"https:\/\/bdl-chapeco-24.local\/wp-content\/uploads\/2022\/08\/cropped-favicon.png","width":512,"height":512,"caption":"Bigolin Distribuidora\/BDL Oeste SC"},"image":{"@id":"https:\/\/bdl.com.br\/chapeco\/#\/schema\/logo\/image\/"},"sameAs":["https:\/\/www.facebook.com\/pages\/BigolinDistribuidoraDeAlimentos\/775805569098168","https:\/\/www.instagram.com\/bigolindistribuidora\/","https:\/\/www.linkedin.com\/company\/bigolin-distribuidora-de-alimentos\/"]}]}},"_links":{"self":[{"href":"https:\/\/bdl.com.br\/chapeco\/wp-json\/wp\/v2\/pages\/18","targetHints":{"allow":["GET"]}}],"collection":[{"href":"https:\/\/bdl.com.br\/chapeco\/wp-json\/wp\/v2\/pages"}],"about":[{"href":"https:\/\/bdl.com.br\/chapeco\/wp-json\/wp\/v2\/types\/page"}],"author":[{"embeddable":true,"href":"https:\/\/bdl.com.br\/chapeco\/wp-json\/wp\/v2\/users\/1"}],"replies":[{"embeddable":true,"href":"https:\/\/bdl.com.br\/chapeco\/wp-json\/wp\/v2\/comments?post=18"}],"version-history":[{"count":8,"href":"https:\/\/bdl.com.br\/chapeco\/wp-json\/wp\/v2\/pages\/18\/revisions"}],"predecessor-version":[{"id":514,"href":"https:\/\/bdl.com.br\/chapeco\/wp-json\/wp\/v2\/pages\/18\/revisions\/514"}],"wp:attachment":[{"href":"https:\/\/bdl.com.br\/chapeco\/wp-json\/wp\/v2\/media?parent=18"}],"curies":[{"name":"wp","href":"https:\/\/api.w.org\/{rel}","templated":true}]}}